{"id":4984,"date":"2026-04-07T18:51:55","date_gmt":"2026-04-07T18:51:55","guid":{"rendered":"https:\/\/test2.lumzaled.com\/?post_type=product&#038;p=4984"},"modified":"2026-04-07T18:52:04","modified_gmt":"2026-04-07T18:52:04","slug":"t5-led-batten-light-2","status":"publish","type":"product","link":"https:\/\/test2.lumzaled.com\/index.php\/product\/t5-led-batten-light-2\/","title":{"rendered":"T5 LED Batten Light"},"content":{"rendered":"<link rel=\"stylesheet\" id=\"wd-section-title-css\" href=\"https:\/\/lumzaled.com\/wp-content\/themes\/woodmart\/css\/parts\/el-section-title.min.css?ver=7.3.1\" type=\"text\/css\" media=\"all\" \/>\n<h4>T5  Batten Light<\/h4>\n<p>Die T5-Lichtleiste ist ein integriertes Design f\u00fcr Innenanwendungen. Hocheffizienter Lichtmotor mit langer Lebensdauer und hervorragender Farbe sorgt f\u00fcr hervorragende Lichtqualit\u00e4t. Sie k\u00f6nnen nahtlos mit optionalen Kabeln oder Anschl\u00fcssen verbunden werden.<\/p>\n<p>\t\t\t<a  href=\"\/shop\"><br \/>\n\t\t\t\t\tShop Now<br \/>\n\t\t\t\t\t\t\t<\/a><\/p>\n<style>\/*! elementor - v3.19.0 - 07-02-2024 *\/\n.elementor-widget-image{text-align:center}.elementor-widget-image a{display:inline-block}.elementor-widget-image a img[src$=\".svg\"]{width:48px}.elementor-widget-image img{vertical-align:middle;display:inline-block}<\/style>\n<p>\t\t\t\t\t\t\t\t\t\t<img loading=\"lazy\" loading=\"lazy\" decoding=\"async\" width=\"500\" height=\"500\" src=\"https:\/\/lumzaled.com\/wp-content\/uploads\/2024\/02\/ade8132b04.jpg\" alt=\"\" srcset=\"https:\/\/lumzaled.com\/wp-content\/uploads\/2024\/02\/ade8132b04.jpg 500w, https:\/\/lumzaled.com\/wp-content\/uploads\/2024\/02\/ade8132b04-300x300.jpg 300w, https:\/\/lumzaled.com\/wp-content\/uploads\/2024\/02\/ade8132b04-150x150.jpg 150w\" sizes=\"auto, (max-width: 500px) 100vw, 500px\" \/>\t\t\t\t\t\t\t\t\t\t\t\t\t<\/p>\n<h4>Exploring Core <br \/>Product Features<\/h4>\n<link rel=\"stylesheet\" id=\"wd-info-box-css\" href=\"https:\/\/lumzaled.com\/wp-content\/themes\/woodmart\/css\/parts\/el-info-box.min.css?ver=7.3.1\" type=\"text\/css\" media=\"all\" \/>\n\t\t\t\t\t\t\t\t\t\t\t\t\t\t\t<img loading=\"lazy\" loading=\"lazy\" width=\"32\" height=\"32\" src=\"https:\/\/lumzaled.com\/wp-content\/uploads\/2024\/02\/icons8-male-and-female-32-2.png\" alt=\"\" decoding=\"async\" \/>\t\t\t\t\t\t\t\t\t\t\t\t\t<\/p>\n<h4\t\t\t\t\t\tclass=\"info-box-title title box-title-style-default wd-fontsize-m\" data-elementor-setting-key=\"title\">\n\t\t\t\t\t\t\t\tPatented male-female connectable design\t\t\t\t\t\t<\/h4>\n<p>\t\t\t\t\t\t\t\t\t\t\t\t\t\t\t<img loading=\"lazy\" loading=\"lazy\" width=\"32\" height=\"32\" src=\"https:\/\/lumzaled.com\/wp-content\/uploads\/2024\/02\/icons8-wire-connection-32-2.png\" alt=\"\" decoding=\"async\" \/>\t\t\t\t\t\t\t\t\t\t\t\t\t<\/p>\n<h4\t\t\t\t\t\tclass=\"info-box-title title box-title-style-default wd-fontsize-m\" data-elementor-setting-key=\"title\">\n\t\t\t\t\t\t\t\tSeamless &#038; No dark inline connection\t\t\t\t\t\t<\/h4>\n<p>\t\t\t\t\t\t\t\t\t\t\t\t\t\t\t<img loading=\"lazy\" loading=\"lazy\" width=\"32\" height=\"32\" src=\"https:\/\/lumzaled.com\/wp-content\/uploads\/2024\/02\/icons8-premium-32-1.png\" alt=\"\" decoding=\"async\" \/>\t\t\t\t\t\t\t\t\t\t\t\t\t<\/p>\n<h4\t\t\t\t\t\tclass=\"info-box-title title box-title-style-default wd-fontsize-m\" data-elementor-setting-key=\"title\">\n\t\t\t\t\t\t\t\tETL TUV SAA approved, DLC listed \t\t\t\t\t\t<\/h4>\n<p>\t\t\t\t\t\t\t\t\t\t\t\t\t\t\t<img loading=\"lazy\" loading=\"lazy\" width=\"32\" height=\"32\" src=\"https:\/\/lumzaled.com\/wp-content\/uploads\/2024\/02\/icons8-voltage-32-1.png\" alt=\"\" decoding=\"async\" \/>\t\t\t\t\t\t\t\t\t\t\t\t\t<\/p>\n<h4\t\t\t\t\t\tclass=\"info-box-title title box-title-style-default wd-fontsize-m\" data-elementor-setting-key=\"title\">\n\t\t\t\t\t\t\t\tMaximum tandem power: 200W and 600W optional\t\t\t\t\t\t<\/h4>\n<p>\t\t\t\t\t\t\t\t\t\t\t\t\t\t\t<img loading=\"lazy\" loading=\"lazy\" width=\"32\" height=\"32\" src=\"https:\/\/lumzaled.com\/wp-content\/uploads\/2024\/02\/icons8-heat-32-2.png\" alt=\"\" decoding=\"async\" \/>\t\t\t\t\t\t\t\t\t\t\t\t\t<\/p>\n<h4\t\t\t\t\t\tclass=\"info-box-title title box-title-style-default wd-fontsize-m\" data-elementor-setting-key=\"title\">\n\t\t\t\t\t\t\t\t0.8mm thick aluminum housing for excellent heat dissipation\t\t\t\t\t\t<\/h4>\n<p>\t\t\t\t\t\t\t\t\t\t\t\t\t\t\t<img loading=\"lazy\" loading=\"lazy\" width=\"32\" height=\"32\" src=\"https:\/\/lumzaled.com\/wp-content\/uploads\/2024\/02\/icons8-heat-32.png\" alt=\"\" decoding=\"async\" \/>\t\t\t\t\t\t\t\t\t\t\t\t\t<\/p>\n<h4\t\t\t\t\t\tclass=\"info-box-title title box-title-style-default wd-fontsize-m\" data-elementor-setting-key=\"title\">\n\t\t\t\t\t\t\t\tHeat protection system with excellent internal driver\t\t\t\t\t\t<\/h4>\n<p>\t\t\t\t\t\t\t\t\t\t\t\t\t\t\t<img loading=\"lazy\" loading=\"lazy\" width=\"32\" height=\"32\" src=\"https:\/\/lumzaled.com\/wp-content\/uploads\/2024\/02\/icons8-install-32-1.png\" alt=\"\" decoding=\"async\" \/>\t\t\t\t\t\t\t\t\t\t\t\t\t<\/p>\n<h4\t\t\t\t\t\tclass=\"info-box-title title box-title-style-default wd-fontsize-m\" data-elementor-setting-key=\"title\">\n\t\t\t\t\t\t\t\tEnjoy hassle-free, safe and easy installation\t\t\t\t\t\t<\/h4>\n<h4>DISCOVER OUR LATEST INNOVATIONSDISCOVER OUR LATEST INNOVATIONSDISCOVER OUR LATEST INNOVATIONSDISCOVER OUR LATEST INNOVATIONSDISCOVER OUR LATEST INNOVATIONSDISCOVER OUR LATEST INNOVATIONS<\/h4>\n<h4>Spectrum of LED <br \/>Light Applications<\/h4>\n<p>Illuminate your space with the sleek efficiency of the T5 Batten Light. Offering crisp, bright illumination, it&#8217;s the perfect choice for modern environments, blending functionality with contemporary design.<\/p>\n<p>\t\t\t\t\t\t\t\t\t\t\t\t\t\t\t<img loading=\"lazy\" loading=\"lazy\" width=\"32\" height=\"32\" src=\"https:\/\/lumzaled.com\/wp-content\/uploads\/2024\/02\/icons8-warehouse-32-2.png\" alt=\"\" decoding=\"async\" \/>\t\t\t\t\t\t\t\t\t\t\t\t\t<\/p>\n<h4\t\t\t\t\t\tclass=\"info-box-title title box-title-style-default wd-fontsize-m\" data-elementor-setting-key=\"title\">\n\t\t\t\t\t\t\t\tWarehouses\t\t\t\t\t\t<\/h4>\n<p>Warehouses, factories &amp; food storage<\/p>\n<p>\t\t\t\t\t\t\t\t\t\t\t\t\t\t\t<img loading=\"lazy\" loading=\"lazy\" width=\"32\" height=\"32\" src=\"https:\/\/lumzaled.com\/wp-content\/uploads\/2024\/02\/icons8-shelf-32.png\" alt=\"\" decoding=\"async\" \/>\t\t\t\t\t\t\t\t\t\t\t\t\t<\/p>\n<h4\t\t\t\t\t\tclass=\"info-box-title title box-title-style-default wd-fontsize-m\" data-elementor-setting-key=\"title\">\n\t\t\t\t\t\t\t\tCar Parks\t\t\t\t\t\t<\/h4>\n<p>Car parks &amp; sports facilities, gas station<\/p>\n<p>\t\t\t\t\t\t\t\t\t\t\t\t\t\t\t<img loading=\"lazy\" loading=\"lazy\" width=\"32\" height=\"32\" src=\"https:\/\/lumzaled.com\/wp-content\/uploads\/2024\/02\/icons8-hotel-32.png\" alt=\"\" decoding=\"async\" \/>\t\t\t\t\t\t\t\t\t\t\t\t\t<\/p>\n<h4\t\t\t\t\t\tclass=\"info-box-title title box-title-style-default wd-fontsize-m\" data-elementor-setting-key=\"title\">\n\t\t\t\t\t\t\t\tShipping Centers\t\t\t\t\t\t<\/h4>\n<p>Shipping centers,hospitals, universities etc<\/p>\n<h4>Product Line Drawing (Size:mm)<\/h4>\n<p>Explore our product line drawing, detailing dimensions with precision in millimeters. From meticulous designs to exact measurements, ensure a seamless fit for your needs with our commitment to quality and detail.<\/p>\n<p>\t\t\t\t\t\t\t\t\t\t\t\t\t<img loading=\"lazy\" loading=\"lazy\" decoding=\"async\" width=\"1024\" height=\"724\" src=\"https:\/\/lumzaled.com\/wp-content\/uploads\/2024\/01\/Logo-1024x724.png\" alt=\"\" srcset=\"https:\/\/lumzaled.com\/wp-content\/uploads\/2024\/01\/Logo-1024x724.png 1024w, https:\/\/lumzaled.com\/wp-content\/uploads\/2024\/01\/Logo-300x212.png 300w, https:\/\/lumzaled.com\/wp-content\/uploads\/2024\/01\/Logo-768x543.png 768w, https:\/\/lumzaled.com\/wp-content\/uploads\/2024\/01\/Logo-1536x1086.png 1536w, https:\/\/lumzaled.com\/wp-content\/uploads\/2024\/01\/Logo-2048x1448.png 2048w, https:\/\/lumzaled.com\/wp-content\/uploads\/2024\/01\/Logo-600x424.png 600w, https:\/\/lumzaled.com\/wp-content\/uploads\/2024\/01\/Logo-150x106.png 150w\" sizes=\"auto, (max-width: 1024px) 100vw, 1024px\" \/>\t\t\t\t\t\t\t\t\t\t\t\t\t<\/p>\n<h4>LED LIGHT PERFORMANCELED LIGHT PERFORMANCELED LIGHT PERFORMANCELED LIGHT PERFORMANCELED LIGHT PERFORMANCE<\/h4>\n<h4>T5 Batten   Light Specifications<\/h4>\n<p>Its energy-efficient LED technology ensures long-lasting performance, making it ideal for both commercial and residential settings.<\/p>\n<h4\t\t\t\t\t\tclass=\"info-box-title title box-title-style-default wd-fontsize-m\" data-elementor-setting-key=\"title\">\n\t\t\t\t\t\t\t\tCRI: >82\t\t\t\t\t\t<\/h4>\n<h4\t\t\t\t\t\tclass=\"info-box-title title box-title-style-default wd-fontsize-m\" data-elementor-setting-key=\"title\">\n\t\t\t\t\t\t\t\tCCT: 3000K,4000K,5000K,6000K\t\t\t\t\t\t<\/h4>\n<h4\t\t\t\t\t\tclass=\"info-box-title title box-title-style-default wd-fontsize-m\" data-elementor-setting-key=\"title\">\n\t\t\t\t\t\t\t\tMaterial:  Aluminum + PC \t\t\t\t\t\t<\/h4>\n<table style=\"border-collapse: collapse; width: 100%;\">\n<tbody>\n<tr>\n<td style=\"width: 14.2857%;\"><strong>Model<\/strong><\/td>\n<td style=\"width: 14.2857%;\"><strong>Length<\/strong><\/td>\n<td style=\"width: 14.2857%;\"><strong>Power<\/strong><\/td>\n<td style=\"width: 14.2857%;\"><strong>Led type<\/strong><\/td>\n<td style=\"width: 14.2857%;\"><strong>Lumens<\/strong><br \/><strong>(Lm) \u00b110%<\/strong><\/td>\n<td style=\"width: 14.2857%;\"><strong>Package<\/strong><\/td>\n<\/tr>\n<tr>\n<td style=\"width: 14.2857%;\">Led-T5SL600-15W<\/td>\n<td style=\"width: 14.2857%;\">2ft\/600mm<\/td>\n<td style=\"width: 14.2857%;\">15W<\/td>\n<td style=\"width: 14.2857%;\">\u00a0SMD2835<\/td>\n<td style=\"width: 14.2857%;\">\u00a01650 &#8211; 1800<\/td>\n<td style=\"width: 14.2857%;\">\u00a0710*260*180 (mm)\u00a0\u00a0 20pcs\/ctn<\/td>\n<\/tr>\n<tr>\n<td style=\"width: 14.2857%;\">Led-T5SL900-25W<\/td>\n<td style=\"width: 14.2857%;\">\u00a03ft\/900mm<\/td>\n<td style=\"width: 14.2857%;\">25W<\/td>\n<td style=\"width: 14.2857%;\">\u00a0SMD2835<\/td>\n<td style=\"width: 14.2857%;\">\u00a02750 &#8211; 3000<\/td>\n<td style=\"width: 14.2857%;\">\u00a01015*260*180 (mm)\u00a0\u00a0 20pcs\/ctn<\/td>\n<\/tr>\n<tr>\n<td style=\"width: 14.2857%;\">Led-T5SL1200-30W<\/td>\n<td style=\"width: 14.2857%;\">\u00a04ft\/1200mm<\/td>\n<td style=\"width: 14.2857%;\">30W<\/td>\n<td style=\"width: 14.2857%;\">\u00a0SMD2835<\/td>\n<td style=\"width: 14.2857%;\">\u00a03300 &#8211; 3600<\/td>\n<td style=\"width: 14.2857%;\">\u00a01310*260*180 (mm)\u00a0\u00a0 20pcs\/ctn<\/td>\n<\/tr>\n<tr>\n<td style=\"width: 14.2857%;\">Led-T5SL1200-40W<\/td>\n<td style=\"width: 14.2857%;\">\u00a04ft\/1200mm<\/td>\n<td style=\"width: 14.2857%;\">40W<\/td>\n<td style=\"width: 14.2857%;\">\u00a0SMD2835<\/td>\n<td style=\"width: 14.2857%;\">\u00a04400 &#8211; 4800<\/td>\n<td style=\"width: 14.2857%;\">\u00a01310*260*180 (mm)\u00a0\u00a0 20pcs\/ctn<\/td>\n<\/tr>\n<tr>\n<td style=\"width: 14.2857%;\">Led-T5SL1500-40W<\/td>\n<td style=\"width: 14.2857%;\">\u00a05ft\/1500mm<\/td>\n<td style=\"width: 14.2857%;\">40W<\/td>\n<td style=\"width: 14.2857%;\">\u00a0SMD2835<\/td>\n<td style=\"width: 14.2857%;\">\u00a04400 &#8211; 4800<\/td>\n<td style=\"width: 14.2857%;\">\u00a01645*210*180 (mm)\u00a0\u00a0 16pcs\/ctn<\/td>\n<\/tr>\n<tr>\n<td style=\"width: 14.2857%;\">Led-T5SL1800-44W<\/td>\n<td style=\"width: 14.2857%;\">\u00a06ft\/1800mm<\/td>\n<td style=\"width: 14.2857%;\">44W<\/td>\n<td style=\"width: 14.2857%;\">\u00a0SMD2835<\/td>\n<td style=\"width: 14.2857%;\">\u00a04840 &#8211; 5280<\/td>\n<td style=\"width: 14.2857%;\">\u00a01945*210*180 (mm)\u00a0\u00a0 16pcs\/ctn<\/td>\n<\/tr>\n<tr>\n<td style=\"width: 14.2857%;\">Led-T5SL2400-60W<\/td>\n<td style=\"width: 14.2857%;\">\u00a08ft\/2400mm<\/td>\n<td style=\"width: 14.2857%;\">60W<\/td>\n<td style=\"width: 14.2857%;\">\u00a0SMD2835<\/td>\n<td style=\"width: 14.2857%;\">\u00a06600 &#8211; 7200<\/td>\n<td style=\"width: 14.2857%;\">\u00a02445*160*146 (mm)\u00a0\u00a0 9pcs\/ctn\u00a0<\/td>\n<\/tr>\n<\/tbody>\n<\/table>\n<h4>Efficient Setup<br \/> Through Installation Steps<\/h4>\n<p>Our detailed instructions ensure a seamless setup, bringing efficiency and ease to the process, so you can enjoy your new system with confidence.<\/p>\n<p>\t\t\t\t\t\t\t\t\t\t\t\t\t\t\t<img loading=\"lazy\" loading=\"lazy\" width=\"32\" height=\"32\" src=\"https:\/\/lumzaled.com\/wp-content\/uploads\/2024\/02\/icons8-click-on-the-target-isolated-on-a-white-background-32.png\" alt=\"\" decoding=\"async\" \/>\t\t\t\t\t\t\t\t\t\t\t\t\t<\/p>\n<h4\t\t\t\t\t\tclass=\"info-box-title title box-title-style-default wd-fontsize-m\" data-elementor-setting-key=\"title\">\n\t\t\t\t\t\t\t\tTo avoid electric shock, maintenance and installation should only be carried out by a professional electrician\t\t\t\t\t\t<\/h4>\n<p>\t\t\t\t\t\t\t\t\t\t\t\t\t\t\t<img loading=\"lazy\" loading=\"lazy\" width=\"32\" height=\"32\" src=\"https:\/\/lumzaled.com\/wp-content\/uploads\/2024\/02\/icons8-electric-32.png\" alt=\"\" decoding=\"async\" \/>\t\t\t\t\t\t\t\t\t\t\t\t\t<\/p>\n<h4\t\t\t\t\t\tclass=\"info-box-title title box-title-style-default wd-fontsize-m\" data-elementor-setting-key=\"title\">\n\t\t\t\t\t\t\t\tPlease use it under correct input power range \t\t\t\t\t\t<\/h4>\n<p>\t\t\t\t\t\t\t\t\t\t\t\t\t\t\t<img loading=\"lazy\" loading=\"lazy\" width=\"32\" height=\"32\" src=\"https:\/\/lumzaled.com\/wp-content\/uploads\/2024\/02\/icons8-outdoor-toilet-32.png\" alt=\"\" decoding=\"async\" \/>\t\t\t\t\t\t\t\t\t\t\t\t\t<\/p>\n<h4\t\t\t\t\t\tclass=\"info-box-title title box-title-style-default wd-fontsize-m\" data-elementor-setting-key=\"title\">\n\t\t\t\t\t\t\t\tDo not use in the outdoor environment \t\t\t\t\t\t<\/h4>\n<p>\t\t\t\t\t\t\t\t\t\t\t\t\t\t\t<img loading=\"lazy\" loading=\"lazy\" width=\"32\" height=\"32\" src=\"https:\/\/lumzaled.com\/wp-content\/uploads\/2024\/02\/icons8-power-32.png\" alt=\"\" decoding=\"async\" \/>\t\t\t\t\t\t\t\t\t\t\t\t\t<\/p>\n<h4\t\t\t\t\t\tclass=\"info-box-title title box-title-style-default wd-fontsize-m\" data-elementor-setting-key=\"title\">\n\t\t\t\t\t\t\t\tBefore installation, turn off the power to make sure safety\t\t\t\t\t\t<\/h4>\n<p>\t\t\t\t\t\t\t\t\t\t\t\t\t\t\t<img loading=\"lazy\" loading=\"lazy\" width=\"32\" height=\"32\" src=\"https:\/\/lumzaled.com\/wp-content\/uploads\/2024\/02\/icons8-connection-32.png\" alt=\"\" decoding=\"async\" \/>\t\t\t\t\t\t\t\t\t\t\t\t\t<\/p>\n<h4\t\t\t\t\t\tclass=\"info-box-title title box-title-style-default wd-fontsize-m\" data-elementor-setting-key=\"title\">\n\t\t\t\t\t\t\t\tFollow the diagram for below for proper installation\t\t\t\t\t\t<\/h4>\n<p>\t\t\t\t\t\t\t\t\t\t\t\t\t<img loading=\"lazy\" loading=\"lazy\" decoding=\"async\" width=\"1024\" height=\"266\" src=\"https:\/\/lumzaled.com\/wp-content\/uploads\/2024\/02\/b1d66d678a-1024x266.webp\" alt=\"\" srcset=\"https:\/\/lumzaled.com\/wp-content\/uploads\/2024\/02\/b1d66d678a-1024x266.webp 1024w, https:\/\/lumzaled.com\/wp-content\/uploads\/2024\/02\/b1d66d678a-300x78.webp 300w, https:\/\/lumzaled.com\/wp-content\/uploads\/2024\/02\/b1d66d678a-768x200.webp 768w, https:\/\/lumzaled.com\/wp-content\/uploads\/2024\/02\/b1d66d678a-600x156.webp 600w, https:\/\/lumzaled.com\/wp-content\/uploads\/2024\/02\/b1d66d678a-150x39.webp 150w, https:\/\/lumzaled.com\/wp-content\/uploads\/2024\/02\/b1d66d678a.webp 1200w\" sizes=\"auto, (max-width: 1024px) 100vw, 1024px\" \/>\t\t\t\t\t\t\t\t\t\t\t\t\t<\/p>\n<h4> Standard Accessories<\/h4>\n<p>Suspending kits<\/p>\n<p>\t\t\t\t\t\t\t\t\t\t\t\t\t<img loading=\"lazy\" loading=\"lazy\" decoding=\"async\" width=\"1024\" height=\"166\" src=\"https:\/\/lumzaled.com\/wp-content\/uploads\/2024\/02\/2826d45456-1024x166.webp\" alt=\"\" srcset=\"https:\/\/lumzaled.com\/wp-content\/uploads\/2024\/02\/2826d45456-1024x166.webp 1024w, https:\/\/lumzaled.com\/wp-content\/uploads\/2024\/02\/2826d45456-300x49.webp 300w, https:\/\/lumzaled.com\/wp-content\/uploads\/2024\/02\/2826d45456-768x125.webp 768w, https:\/\/lumzaled.com\/wp-content\/uploads\/2024\/02\/2826d45456-600x98.webp 600w, https:\/\/lumzaled.com\/wp-content\/uploads\/2024\/02\/2826d45456-150x24.webp 150w, https:\/\/lumzaled.com\/wp-content\/uploads\/2024\/02\/2826d45456.webp 1200w\" sizes=\"auto, (max-width: 1024px) 100vw, 1024px\" \/><\/p>\n","protected":false},"excerpt":{"rendered":"<p><strong>1. Size:<\/strong> 2ft 3ft 4ft 5ft 6ft 8ft<br \/>\n<strong>2. Wattages:<\/strong> 15w 25w 30w 40w 44w 60w<br \/>\n<strong>3. CCT:<\/strong> 3000K 4000K 5000K 5700K 6000K 6500K<br \/>\n<strong>4. Main Materials:<\/strong> Aluminum + PC<br \/>\n<strong>5. Input Voltage:<\/strong> AC100-277V \/ AC100-240V 50\/60Hz<br \/>\n<strong>6. Certifications:<\/strong> ETL CE SAA<\/p>\n","protected":false},"featured_media":3507,"comment_status":"open","ping_status":"closed","template":"","meta":[],"etheme_brands":[],"product_brand":[],"product_cat":[101,106],"product_tag":[],"class_list":{"0":"post-4984","1":"product","2":"type-product","3":"status-publish","4":"has-post-thumbnail","6":"product_cat-custom-led-lights","7":"product_cat-led-batten-light","9":"first","10":"instock","11":"shipping-taxable","12":"purchasable","13":"product-type-variable"},"_links":{"self":[{"href":"https:\/\/test2.lumzaled.com\/index.php\/wp-json\/wp\/v2\/product\/4984","targetHints":{"allow":["GET"]}}],"collection":[{"href":"https:\/\/test2.lumzaled.com\/index.php\/wp-json\/wp\/v2\/product"}],"about":[{"href":"https:\/\/test2.lumzaled.com\/index.php\/wp-json\/wp\/v2\/types\/product"}],"replies":[{"embeddable":true,"href":"https:\/\/test2.lumzaled.com\/index.php\/wp-json\/wp\/v2\/comments?post=4984"}],"version-history":[{"count":1,"href":"https:\/\/test2.lumzaled.com\/index.php\/wp-json\/wp\/v2\/product\/4984\/revisions"}],"predecessor-version":[{"id":5009,"href":"https:\/\/test2.lumzaled.com\/index.php\/wp-json\/wp\/v2\/product\/4984\/revisions\/5009"}],"wp:featuredmedia":[{"embeddable":true,"href":"https:\/\/test2.lumzaled.com\/index.php\/wp-json\/wp\/v2\/media\/3507"}],"wp:attachment":[{"href":"https:\/\/test2.lumzaled.com\/index.php\/wp-json\/wp\/v2\/media?parent=4984"}],"wp:term":[{"taxonomy":"brand","embeddable":true,"href":"https:\/\/test2.lumzaled.com\/index.php\/wp-json\/wp\/v2\/etheme_brands?post=4984"},{"taxonomy":"product_brand","embeddable":true,"href":"https:\/\/test2.lumzaled.com\/index.php\/wp-json\/wp\/v2\/product_brand?post=4984"},{"taxonomy":"product_cat","embeddable":true,"href":"https:\/\/test2.lumzaled.com\/index.php\/wp-json\/wp\/v2\/product_cat?post=4984"},{"taxonomy":"product_tag","embeddable":true,"href":"https:\/\/test2.lumzaled.com\/index.php\/wp-json\/wp\/v2\/product_tag?post=4984"}],"curies":[{"name":"wp","href":"https:\/\/api.w.org\/{rel}","templated":true}]}}